{"id":51555,"date":"2024-07-18T10:16:13","date_gmt":"2024-07-18T10:16:13","guid":{"rendered":"https:\/\/efesushome.com\/?page_id=51555"},"modified":"2025-10-04T06:34:38","modified_gmt":"2025-10-04T06:34:38","slug":"iletisim","status":"publish","type":"page","link":"https:\/\/efesushome.com\/tr\/iletisim\/","title":{"rendered":"\u0130leti\u015fim"},"content":{"rendered":"\t\t<div data-elementor-type=\"wp-page\" data-elementor-id=\"51555\" class=\"elementor elementor-51555\">\n\t\t\t\t<div class=\"elementor-element elementor-element-6e8476e5 e-flex e-con-boxed e-con e-parent\" data-id=\"6e8476e5\" data-element_type=\"container\" data-e-type=\"container\">\n\t\t\t\t\t<div class=\"e-con-inner\">\n\t\t\t\t<div class=\"elementor-element elementor-element-4bdf10ea elementor-widget elementor-widget-text-editor\" data-id=\"4bdf10ea\" data-element_type=\"widget\" data-e-type=\"widget\" data-widget_type=\"text-editor.default\">\n\t\t\t\t<div class=\"elementor-widget-container\">\n\t\t\t\t\t\t\t\t\t<h3><br \/>Reiso\u011flu Mermer &#8211; Merkez<\/h3><p>Fatih Mahallesi Hocao\u011flu Sokak No:4A\/A, 03750<br \/>\u0130scehisar \/ Afyonkarahisar \/ T\u00fcrkiye<\/p><p><a href=\"tel:+90%20531%20981%2047%2032\">+90 531 981 47 32<br \/><\/a><\/p><p><a href=\"tel:+90%20272%20341%2036%2001\">+90 272 341 36 01 (5 Hat)<br \/><\/a><\/p><p><a href=\"mailto:info@efesusstone.com\">info@efesusstone.com<br \/><\/a><\/p><p><iframe title=\"efesus stone reisopl\" src=\"https:\/\/maps.google.com\/maps?q=efesus%20stone%20reisopl&amp;t=m&amp;z=10&amp;output=embed&amp;iwloc=near\" aria-label=\"efesus stone reisopl\"><\/iframe><\/p><h3>Efesus Stone \u2013 Kad\u0131k\u00f6y Ma\u011faza<\/h3><p>Fenerbah\u00e7e Mahallesi Ba\u011fdat Caddesi No:82\/B , 34726<br \/>Kad\u0131k\u00f6y \/ \u0130stanbul \/ T\u00fcrkiye<\/p><p><a href=\"tel:+90 532 480 98 86\">+90 532 480 98 86<\/a><\/p><p><a href=\"tel:+90%20216%20550%2099%2012\">+90 216 550 99 12<br \/><\/a><\/p><p><a href=\"mailto:istanbul@efesusstone.com\">istanbul@efesusstone.com<br \/><\/a><\/p><p><iframe title=\"efesus stone kad\u0131k\u00f6y \" src=\"https:\/\/maps.google.com\/maps?q=efesus%20stone%20kad%C4%B1k%C3%B6y%20&amp;t=m&amp;z=10&amp;output=embed&amp;iwloc=near\" aria-label=\"efesus stone kad\u0131k\u00f6y \"><\/iframe><\/p><h3>Reiso\u011flu Kona\u011f\u0131 Mermer Showroom<\/h3><p>Akmescit Mahallesi Zaviye T\u00fcrbe Cad. No:47\/A , 03100<br \/>Merkez \/ Afyonkarahisar \/ T\u00fcrkiye<\/p><p><a href=\"tel:+90%20531%20981%2047%2032\">+90 531 981 47 32<br \/><\/a><\/p><p><a href=\"tel:+90%20272%20214%2022%2028\">+90 272 214 22 28<br \/><\/a><\/p><p><a href=\"mailto:info@efesusstone.com\">info@efesusstone.com<br \/><\/a><\/p><p><iframe title=\"Reio\u011flu kona\u011f\u0131\" src=\"https:\/\/maps.google.com\/maps?q=Reio%C4%9Flu%20kona%C4%9F%C4%B1&amp;t=m&amp;z=12&amp;output=embed&amp;iwloc=near\" aria-label=\"Reio\u011flu kona\u011f\u0131\"><\/iframe><\/p><h3>Reiso\u011flu Mermer \u2013 \u015eube<\/h3><p>Ankara Karayolu 13.km, 03750<br \/>\u0130scehisar \/ Afyonkarahisar \/ T\u00fcrkiye<\/p><p><a href=\"tel:+90%20531%20981%2047%2032\">+90 531 981 47 32<br \/><\/a><\/p><p><a href=\"tel:+90%20272%20223%2010%2078\">+90 272 223 10 78<br \/><\/a><\/p><p><a href=\"mailto:info@efesusstone.com\">info@efesusstone.com<br \/><\/a><\/p><p><iframe title=\"iscehisar\" src=\"https:\/\/maps.google.com\/maps?q=iscehisar&amp;t=m&amp;z=10&amp;output=embed&amp;iwloc=near\" aria-label=\"iscehisar\"><\/iframe><\/p><h2>\u0130leti\u015fim Formu<\/h2><form id=\"wpforms-form-55090\" action=\"\/wp-admin\/admin-ajax.php\" enctype=\"multipart\/form-data\" method=\"post\" data-formid=\"55090\" data-token=\"e1636ed0c31dc4ca12ee3bdd33cd1e23\" data-token-time=\"1755519232\"><p><noscript>Bu formu bitirebilmek i\u00e7in taray\u0131c\u0131n\u0131zda JavaScript&#039;i etkinle\u015ftirin.<\/noscript>Bu formu bitirebilmek i\u00e7in taray\u0131c\u0131n\u0131zda JavaScript&#8217;i etkinle\u015ftirin.<\/p><fieldset><legend>Ad\u0131 Soyad\u0131 *<\/legend><p><input id=\"wpforms-55090-field_2\" name=\"wpforms[fields][2][first]\" required=\"\" type=\"text\" aria-errormessage=\"wpforms-55090-field_2-error\" \/><label for=\"wpforms-55090-field_2\">Ad<\/label><input id=\"wpforms-55090-field_2-last\" name=\"wpforms[fields][2][last]\" required=\"\" type=\"text\" aria-errormessage=\"wpforms-55090-field_2-last-error\" \/><label for=\"wpforms-55090-field_2-last\">Soyad<\/label><\/p><\/fieldset><p><label for=\"wpforms-55090-field_6\">E-posta *<\/label><input id=\"wpforms-55090-field_6\" spellcheck=\"false\" name=\"wpforms[fields][6]\" required=\"\" type=\"email\" aria-errormessage=\"wpforms-55090-field_6-error\" \/><label for=\"wpforms-55090-field_7\">Telefon<\/label><br \/><input readonly=\"readonly\" type=\"text\" value=\"\" placeholder=\"\" \/><br \/><label for=\"wpforms-55090-field_8\">\u00dclke *<\/label><input id=\"wpforms-55090-field_8\" name=\"wpforms[fields][8]\" required=\"\" type=\"text\" aria-errormessage=\"wpforms-55090-field_8-error\" \/><label for=\"wpforms-55090-field_9\">\u015eehir<\/label><input id=\"wpforms-55090-field_9\" name=\"wpforms[fields][9]\" type=\"text\" aria-errormessage=\"wpforms-55090-field_9-error\" \/><label for=\"wpforms-55090-field_10\">Firma \/ Organizasyon<\/label><input id=\"wpforms-55090-field_10\" name=\"wpforms[fields][10]\" type=\"text\" aria-errormessage=\"wpforms-55090-field_10-error\" \/><label for=\"wpforms-55090-field_12\">Meslek<\/label><select id=\"wpforms-55090-field_12\" name=\"wpforms[fields][12]\"><option value=\"Mimar\">Mimar<\/option><option value=\"M\u00fcteahhit\">M\u00fcteahhit<\/option><option value=\"Ev Sahibi\">Ev Sahibi<\/option><option value=\"Ma\u011faza\">Ma\u011faza<\/option><option value=\"\u0130thalat\">\u0130thalat<\/option><option value=\"\u0130hracat\">\u0130hracat<\/option><option value=\"Di\u011fer\">Di\u011fer<\/option><\/select><label for=\"wpforms-55090-field_13\">Soru ve Mesaj *<\/label><textarea id=\"wpforms-55090-field_13\" name=\"wpforms[fields][13]\" required=\"\" aria-errormessage=\"wpforms-55090-field_13-error\"><\/textarea><input id=\"wpforms-55090-field_14\" name=\"wpforms[fields][14]\" type=\"hidden\" value=\"{page_title}\" \/><input id=\"wpforms-55090-field_15\" name=\"wpforms[fields][15]\" type=\"hidden\" value=\"{page_url}\" \/><input id=\"wpforms-55090-field_16\" name=\"wpforms[fields][16]\" type=\"hidden\" value=\"{unique_value}\" \/><input name=\"wpforms[id]\" type=\"hidden\" value=\"55090\" \/> <input name=\"wpforms[nonce]\" type=\"hidden\" value=\"fa0aff1fa3\" \/><br \/><input name=\"page_title\" type=\"hidden\" value=\"{page_title}\" \/><input name=\"page_url\" type=\"hidden\" value=\"http:\/\/page_url\" \/><input name=\"url_referer\" type=\"hidden\" value=\"http:\/\/url_referer\" \/><button id=\"wpforms-submit-55090\" name=\"wpforms[submit]\" type=\"submit\" value=\"wpforms-submit\" data-alt-text=\"G\u00f6nderiliyor...\" data-submit-text=\"G\u00f6nder\" aria-live=\"assertive\">G\u00f6nder<\/button><img decoding=\"async\" style=\"display: none;\" src=\"https:\/\/efesushome.com\/wp-content\/plugins\/wpforms\/assets\/images\/submit-spin.svg\" alt=\"Y\u00fckleniyor\" width=\"26\" height=\"26\" title=\"\"><\/p><\/form><p><\/p>\t\t\t\t\t\t\t\t<\/div>\n\t\t\t\t<\/div>\n\t\t\t\t\t<\/div>\n\t\t\t\t<\/div>\n\t\t\t\t<\/div>\n\t\t","protected":false},"excerpt":{"rendered":"<p>Reiso\u011flu Mermer &#8211; Merkez Fatih Mahallesi Hocao\u011flu Sokak No:4A\/A, 03750\u0130scehisar \/ Afyonkarahisar \/ T\u00fcrkiye +90 531 981 47 32 +90 272 341 36 01 (5 Hat) info@efesusstone.com Efesus Stone \u2013 Kad\u0131k\u00f6y Ma\u011faza Fenerbah\u00e7e Mahallesi Ba\u011fdat Caddesi No:82\/B , 34726Kad\u0131k\u00f6y \/ \u0130stanbul \/ T\u00fcrkiye +90 532 480 98 86 +90 216 550 99 12 istanbul@efesusstone.com Reiso\u011flu [&hellip;]<\/p>\n","protected":false},"author":1,"featured_media":0,"parent":0,"menu_order":0,"comment_status":"closed","ping_status":"closed","template":"","meta":{"_joinchat":[],"footnotes":""},"class_list":["post-51555","page","type-page","status-publish","hentry"],"_links":{"self":[{"href":"https:\/\/efesushome.com\/tr\/wp-json\/wp\/v2\/pages\/51555","targetHints":{"allow":["GET"]}}],"collection":[{"href":"https:\/\/efesushome.com\/tr\/wp-json\/wp\/v2\/pages"}],"about":[{"href":"https:\/\/efesushome.com\/tr\/wp-json\/wp\/v2\/types\/page"}],"author":[{"embeddable":true,"href":"https:\/\/efesushome.com\/tr\/wp-json\/wp\/v2\/users\/1"}],"replies":[{"embeddable":true,"href":"https:\/\/efesushome.com\/tr\/wp-json\/wp\/v2\/comments?post=51555"}],"version-history":[{"count":34,"href":"https:\/\/efesushome.com\/tr\/wp-json\/wp\/v2\/pages\/51555\/revisions"}],"predecessor-version":[{"id":59247,"href":"https:\/\/efesushome.com\/tr\/wp-json\/wp\/v2\/pages\/51555\/revisions\/59247"}],"wp:attachment":[{"href":"https:\/\/efesushome.com\/tr\/wp-json\/wp\/v2\/media?parent=51555"}],"curies":[{"name":"wp","href":"https:\/\/api.w.org\/{rel}","templated":true}]}}