{"id":51595,"date":"2024-07-22T11:13:53","date_gmt":"2024-07-22T11:13:53","guid":{"rendered":"https:\/\/efesushome.com\/?page_id=51595"},"modified":"2026-04-27T12:00:28","modified_gmt":"2026-04-27T12:00:28","slug":"kataloglar","status":"publish","type":"page","link":"https:\/\/efesushome.com\/tr\/kataloglar\/","title":{"rendered":"Kataloglar"},"content":{"rendered":"\t\t<div data-elementor-type=\"wp-page\" data-elementor-id=\"51595\" class=\"elementor elementor-51595\">\n\t\t\t\t<div class=\"elementor-element elementor-element-5bb4d9c e-flex e-con-boxed e-con e-parent\" data-id=\"5bb4d9c\" data-element_type=\"container\" data-e-type=\"container\">\n\t\t\t\t\t<div class=\"e-con-inner\">\n\t\t\t\t<div class=\"elementor-element elementor-element-0cc7f3a elementor-widget__width-initial elementor-absolute elementor-widget elementor-widget-heading\" data-id=\"0cc7f3a\" data-element_type=\"widget\" data-e-type=\"widget\" data-settings=\"{&quot;_position&quot;:&quot;absolute&quot;}\" data-widget_type=\"heading.default\">\n\t\t\t\t<div class=\"elementor-widget-container\">\n\t\t\t\t\t<h5 class=\"elementor-heading-title elementor-size-default\">Do\u011fal Ta\u015f Sehpalar, Do\u011fal Ta\u015f Masalar, Dekoratif \u00dcr\u00fcnler, Do\u011fal Ta\u015f Renk Koleksiyonu, Octagon Koleksiyonu, Marmara Mermer, G\u00fcm\u00fc\u015f Traverten, Lavabo ve Bookmatch kataloglar\u0131m\u0131z\u0131 inceleyebilirsiniz.<\/h5>\t\t\t\t<\/div>\n\t\t\t\t<\/div>\n\t\t\t\t\t<\/div>\n\t\t\t\t<\/div>\n\t\t<div class=\"elementor-element elementor-element-e2ebd4e e-grid e-con-boxed e-con e-parent\" data-id=\"e2ebd4e\" data-element_type=\"container\" data-e-type=\"container\">\n\t\t\t\t\t<div class=\"e-con-inner\">\n\t\t\t\t<div class=\"elementor-element elementor-element-de4b62d elementor-widget elementor-widget-image\" data-id=\"de4b62d\" data-element_type=\"widget\" data-e-type=\"widget\" data-widget_type=\"image.default\">\n\t\t\t\t<div class=\"elementor-widget-container\">\n\t\t\t\t\t\t\t\t\t\t\t\t<figure class=\"wp-caption\">\n\t\t\t\t\t\t\t\t\t\t\t<a href=\"https:\/\/efesushome.com\/?post_type=3d-flip-book&#038;p=60774&#038;preview=true\">\n\t\t\t\t\t\t\t<img fetchpriority=\"high\" decoding=\"async\" width=\"300\" height=\"300\" src=\"https:\/\/efesushome.com\/wp-content\/uploads\/2026\/04\/mozaik-1-300x300.jpg\" class=\"elementor-animation-float attachment-thumbnail size-thumbnail wp-image-65185\" alt=\"- Efesus Home\" title=\"\">\t\t\t\t\t\t\t\t<\/a>\n\t\t\t\t\t\t\t\t\t\t\t<figcaption class=\"widget-image-caption wp-caption-text\">mozai\u0307k<\/figcaption>\n\t\t\t\t\t\t\t\t\t\t<\/figure>\n\t\t\t\t\t\t\t\t\t<\/div>\n\t\t\t\t<\/div>\n\t\t\t\t<div class=\"elementor-element elementor-element-1af377b elementor-widget elementor-widget-image\" data-id=\"1af377b\" data-element_type=\"widget\" data-e-type=\"widget\" data-widget_type=\"image.default\">\n\t\t\t\t<div class=\"elementor-widget-container\">\n\t\t\t\t\t\t\t\t\t\t\t\t<figure class=\"wp-caption\">\n\t\t\t\t\t\t\t\t\t\t\t<a href=\"https:\/\/efesushome.com\/tr\/3d-flip-book\/referans-katalogu\/\">\n\t\t\t\t\t\t\t<img decoding=\"async\" width=\"300\" height=\"300\" src=\"https:\/\/efesushome.com\/wp-content\/uploads\/2026\/04\/referans-1-300x300.jpg\" class=\"elementor-animation-float attachment-thumbnail size-thumbnail wp-image-65187\" alt=\"- Efesus Home\" title=\"\">\t\t\t\t\t\t\t\t<\/a>\n\t\t\t\t\t\t\t\t\t\t\t<figcaption class=\"widget-image-caption wp-caption-text\">referanslar<\/figcaption>\n\t\t\t\t\t\t\t\t\t\t<\/figure>\n\t\t\t\t\t\t\t\t\t<\/div>\n\t\t\t\t<\/div>\n\t\t\t\t<div class=\"elementor-element elementor-element-57a8829 elementor-widget elementor-widget-image\" data-id=\"57a8829\" data-element_type=\"widget\" data-e-type=\"widget\" data-widget_type=\"image.default\">\n\t\t\t\t<div class=\"elementor-widget-container\">\n\t\t\t\t\t\t\t\t\t\t\t\t<figure class=\"wp-caption\">\n\t\t\t\t\t\t\t\t\t\t\t<a href=\"https:\/\/efesushome.com\/tr\/3d-flip-book\/masa-katalogu\/\">\n\t\t\t\t\t\t\t<img decoding=\"async\" width=\"300\" height=\"300\" src=\"https:\/\/efesushome.com\/wp-content\/uploads\/2026\/04\/table-1-300x300.jpg\" class=\"elementor-animation-float attachment-thumbnail size-thumbnail wp-image-65190\" alt=\"- Efesus Home\" title=\"\">\t\t\t\t\t\t\t\t<\/a>\n\t\t\t\t\t\t\t\t\t\t\t<figcaption class=\"widget-image-caption wp-caption-text\">masa <\/figcaption>\n\t\t\t\t\t\t\t\t\t\t<\/figure>\n\t\t\t\t\t\t\t\t\t<\/div>\n\t\t\t\t<\/div>\n\t\t\t\t<div class=\"elementor-element elementor-element-c9fe143 elementor-widget elementor-widget-image\" data-id=\"c9fe143\" data-element_type=\"widget\" data-e-type=\"widget\" data-widget_type=\"image.default\">\n\t\t\t\t<div class=\"elementor-widget-container\">\n\t\t\t\t\t\t\t\t\t\t\t\t<figure class=\"wp-caption\">\n\t\t\t\t\t\t\t\t\t\t\t<a href=\"https:\/\/efesushome.com\/tr\/3d-flip-book\/sehpa-katalogu\/\">\n\t\t\t\t\t\t\t<img loading=\"lazy\" decoding=\"async\" width=\"300\" height=\"300\" src=\"https:\/\/efesushome.com\/wp-content\/uploads\/2026\/04\/sehpa-1-300x300.jpg\" class=\"elementor-animation-float attachment-thumbnail size-thumbnail wp-image-65188\" alt=\"- Efesus Home\" title=\"\">\t\t\t\t\t\t\t\t<\/a>\n\t\t\t\t\t\t\t\t\t\t\t<figcaption class=\"widget-image-caption wp-caption-text\">sehpa<\/figcaption>\n\t\t\t\t\t\t\t\t\t\t<\/figure>\n\t\t\t\t\t\t\t\t\t<\/div>\n\t\t\t\t<\/div>\n\t\t\t\t<div class=\"elementor-element elementor-element-148fe19 elementor-widget elementor-widget-image\" data-id=\"148fe19\" data-element_type=\"widget\" data-e-type=\"widget\" data-widget_type=\"image.default\">\n\t\t\t\t<div class=\"elementor-widget-container\">\n\t\t\t\t\t\t\t\t\t\t\t\t<figure class=\"wp-caption\">\n\t\t\t\t\t\t\t\t\t\t\t<a href=\"https:\/\/efesushome.com\/tr\/3d-flip-book\/dama-octagon-k\/\">\n\t\t\t\t\t\t\t<img loading=\"lazy\" decoding=\"async\" width=\"300\" height=\"300\" src=\"https:\/\/efesushome.com\/wp-content\/uploads\/2026\/04\/dama-1-300x300.jpg\" class=\"elementor-animation-float attachment-thumbnail size-thumbnail wp-image-65179\" alt=\"- Efesus Home\" title=\"\">\t\t\t\t\t\t\t\t<\/a>\n\t\t\t\t\t\t\t\t\t\t\t<figcaption class=\"widget-image-caption wp-caption-text\">dama &amp; octagon<\/figcaption>\n\t\t\t\t\t\t\t\t\t\t<\/figure>\n\t\t\t\t\t\t\t\t\t<\/div>\n\t\t\t\t<\/div>\n\t\t\t\t<div class=\"elementor-element elementor-element-f7a4366 elementor-widget elementor-widget-image\" data-id=\"f7a4366\" data-element_type=\"widget\" data-e-type=\"widget\" data-widget_type=\"image.default\">\n\t\t\t\t<div class=\"elementor-widget-container\">\n\t\t\t\t\t\t\t\t\t\t\t\t<figure class=\"wp-caption\">\n\t\t\t\t\t\t\t\t\t\t\t<a href=\"https:\/\/efesushome.com\/tr\/3d-flip-book\/marmara-mermer-katalogu\/\">\n\t\t\t\t\t\t\t<img loading=\"lazy\" decoding=\"async\" width=\"800\" height=\"800\" src=\"https:\/\/efesushome.com\/wp-content\/uploads\/2026\/04\/marmara-1-800x800.jpg\" class=\"elementor-animation-float attachment-large size-large wp-image-65184\" alt=\"- Efesus Home\" title=\"\">\t\t\t\t\t\t\t\t<\/a>\n\t\t\t\t\t\t\t\t\t\t\t<figcaption class=\"widget-image-caption wp-caption-text\">marmara mermer<\/figcaption>\n\t\t\t\t\t\t\t\t\t\t<\/figure>\n\t\t\t\t\t\t\t\t\t<\/div>\n\t\t\t\t<\/div>\n\t\t\t\t<div class=\"elementor-element elementor-element-68992bb elementor-widget elementor-widget-image\" data-id=\"68992bb\" data-element_type=\"widget\" data-e-type=\"widget\" data-widget_type=\"image.default\">\n\t\t\t\t<div class=\"elementor-widget-container\">\n\t\t\t\t\t\t\t\t\t\t\t\t<figure class=\"wp-caption\">\n\t\t\t\t\t\t\t\t\t\t\t<a href=\"https:\/\/efesushome.com\/tr\/3d-flip-book\/gumus-traverten-katalogu\/\">\n\t\t\t\t\t\t\t<img loading=\"lazy\" decoding=\"async\" width=\"800\" height=\"800\" src=\"https:\/\/efesushome.com\/wp-content\/uploads\/2026\/04\/silver-1-800x800.jpg\" class=\"elementor-animation-float attachment-large size-large wp-image-65189\" alt=\"- Efesus Home\" title=\"\">\t\t\t\t\t\t\t\t<\/a>\n\t\t\t\t\t\t\t\t\t\t\t<figcaption class=\"widget-image-caption wp-caption-text\">g\u00fcm\u00fc\u015f traverten<\/figcaption>\n\t\t\t\t\t\t\t\t\t\t<\/figure>\n\t\t\t\t\t\t\t\t\t<\/div>\n\t\t\t\t<\/div>\n\t\t\t\t<div class=\"elementor-element elementor-element-26df25e elementor-widget elementor-widget-image\" data-id=\"26df25e\" data-element_type=\"widget\" data-e-type=\"widget\" data-widget_type=\"image.default\">\n\t\t\t\t<div class=\"elementor-widget-container\">\n\t\t\t\t\t\t\t\t\t\t\t\t<figure class=\"wp-caption\">\n\t\t\t\t\t\t\t\t\t\t\t<a href=\"https:\/\/efesushome.com\/3d-flip-book\/calacatta-mermer-katalog\/\">\n\t\t\t\t\t\t\t<img loading=\"lazy\" decoding=\"async\" width=\"800\" height=\"800\" src=\"https:\/\/efesushome.com\/wp-content\/uploads\/2026\/04\/calacatta-1-800x800.jpg\" class=\"elementor-animation-float attachment-large size-large wp-image-65178\" alt=\"- Efesus Home\" title=\"\">\t\t\t\t\t\t\t\t<\/a>\n\t\t\t\t\t\t\t\t\t\t\t<figcaption class=\"widget-image-caption wp-caption-text\">calacatta mermer<\/figcaption>\n\t\t\t\t\t\t\t\t\t\t<\/figure>\n\t\t\t\t\t\t\t\t\t<\/div>\n\t\t\t\t<\/div>\n\t\t\t\t<div class=\"elementor-element elementor-element-356628e elementor-widget elementor-widget-image\" data-id=\"356628e\" data-element_type=\"widget\" data-e-type=\"widget\" data-widget_type=\"image.default\">\n\t\t\t\t<div class=\"elementor-widget-container\">\n\t\t\t\t\t\t\t\t\t\t\t\t<figure class=\"wp-caption\">\n\t\t\t\t\t\t\t\t\t\t\t<a href=\"https:\/\/efesushome.com\/tr\/3d-flip-book\/elazig-visne-mermer-katalogu\/\">\n\t\t\t\t\t\t\t<img loading=\"lazy\" decoding=\"async\" width=\"800\" height=\"800\" src=\"https:\/\/efesushome.com\/wp-content\/uploads\/2026\/04\/elazig-1-800x800.jpg\" class=\"elementor-animation-float attachment-large size-large wp-image-65181\" alt=\"- Efesus Home\" title=\"\">\t\t\t\t\t\t\t\t<\/a>\n\t\t\t\t\t\t\t\t\t\t\t<figcaption class=\"widget-image-caption wp-caption-text\">elazi\u011f vi\u0307\u015fne mermer<\/figcaption>\n\t\t\t\t\t\t\t\t\t\t<\/figure>\n\t\t\t\t\t\t\t\t\t<\/div>\n\t\t\t\t<\/div>\n\t\t\t\t<div class=\"elementor-element elementor-element-c6f0929 elementor-widget elementor-widget-image\" data-id=\"c6f0929\" data-element_type=\"widget\" data-e-type=\"widget\" data-widget_type=\"image.default\">\n\t\t\t\t<div class=\"elementor-widget-container\">\n\t\t\t\t\t\t\t\t\t\t\t\t<figure class=\"wp-caption\">\n\t\t\t\t\t\t\t\t\t\t\t<a href=\"https:\/\/efesushome.com\/tr\/3d-flip-book\/lavabo-katalogu\/\">\n\t\t\t\t\t\t\t<img loading=\"lazy\" decoding=\"async\" width=\"800\" height=\"800\" src=\"https:\/\/efesushome.com\/wp-content\/uploads\/2026\/04\/lavabo-1-800x800.jpg\" class=\"elementor-animation-float attachment-large size-large wp-image-65183\" alt=\"- Efesus Home\" title=\"\">\t\t\t\t\t\t\t\t<\/a>\n\t\t\t\t\t\t\t\t\t\t\t<figcaption class=\"widget-image-caption wp-caption-text\">lavabo<\/figcaption>\n\t\t\t\t\t\t\t\t\t\t<\/figure>\n\t\t\t\t\t\t\t\t\t<\/div>\n\t\t\t\t<\/div>\n\t\t\t\t<div class=\"elementor-element elementor-element-9831661 elementor-widget elementor-widget-image\" data-id=\"9831661\" data-element_type=\"widget\" data-e-type=\"widget\" data-widget_type=\"image.default\">\n\t\t\t\t<div class=\"elementor-widget-container\">\n\t\t\t\t\t\t\t\t\t\t\t\t<figure class=\"wp-caption\">\n\t\t\t\t\t\t\t\t\t\t\t<a href=\"https:\/\/efesushome.com\/tr\/3d-flip-book\/bookmatch-katalogu\/\">\n\t\t\t\t\t\t\t<img loading=\"lazy\" decoding=\"async\" width=\"800\" height=\"800\" src=\"https:\/\/efesushome.com\/wp-content\/uploads\/2026\/04\/bookmatch-1-800x800.jpg\" class=\"elementor-animation-float attachment-large size-large wp-image-65177\" alt=\"- Efesus Home\" title=\"\">\t\t\t\t\t\t\t\t<\/a>\n\t\t\t\t\t\t\t\t\t\t\t<figcaption class=\"widget-image-caption wp-caption-text\">bookmatch<\/figcaption>\n\t\t\t\t\t\t\t\t\t\t<\/figure>\n\t\t\t\t\t\t\t\t\t<\/div>\n\t\t\t\t<\/div>\n\t\t\t\t<div class=\"elementor-element elementor-element-7678bf9 elementor-widget elementor-widget-image\" data-id=\"7678bf9\" data-element_type=\"widget\" data-e-type=\"widget\" data-widget_type=\"image.default\">\n\t\t\t\t<div class=\"elementor-widget-container\">\n\t\t\t\t\t\t\t\t\t\t\t\t<figure class=\"wp-caption\">\n\t\t\t\t\t\t\t\t\t\t\t<a href=\"https:\/\/efesushome.com\/3d-flip-book\/istanbul-showroom-tr\/\">\n\t\t\t\t\t\t\t<img loading=\"lazy\" decoding=\"async\" width=\"800\" height=\"800\" src=\"https:\/\/efesushome.com\/wp-content\/uploads\/2026\/04\/istanbul-1-800x800.jpg\" class=\"attachment-large size-large wp-image-65182\" alt=\"- Efesus Home\" title=\"\">\t\t\t\t\t\t\t\t<\/a>\n\t\t\t\t\t\t\t\t\t\t\t<figcaption class=\"widget-image-caption wp-caption-text\">i\u0307stanbul showroom<\/figcaption>\n\t\t\t\t\t\t\t\t\t\t<\/figure>\n\t\t\t\t\t\t\t\t\t<\/div>\n\t\t\t\t<\/div>\n\t\t\t\t<div class=\"elementor-element elementor-element-8dc04ba elementor-widget elementor-widget-image\" data-id=\"8dc04ba\" data-element_type=\"widget\" data-e-type=\"widget\" data-widget_type=\"image.default\">\n\t\t\t\t<div class=\"elementor-widget-container\">\n\t\t\t\t\t\t\t\t\t\t\t\t<figure class=\"wp-caption\">\n\t\t\t\t\t\t\t\t\t\t\t<a href=\"https:\/\/efesushome.com\/3d-flip-book\/kirmizi-traverten-katalog\/\">\n\t\t\t\t\t\t\t<img loading=\"lazy\" decoding=\"async\" width=\"800\" height=\"800\" src=\"https:\/\/efesushome.com\/wp-content\/uploads\/2026\/04\/red-travertine-1-800x800.png\" class=\"elementor-animation-float attachment-large size-large wp-image-65300\" alt=\"- Efesus Home\" title=\"\">\t\t\t\t\t\t\t\t<\/a>\n\t\t\t\t\t\t\t\t\t\t\t<figcaption class=\"widget-image-caption wp-caption-text\">kirmizi traverten<\/figcaption>\n\t\t\t\t\t\t\t\t\t\t<\/figure>\n\t\t\t\t\t\t\t\t\t<\/div>\n\t\t\t\t<\/div>\n\t\t\t\t<div class=\"elementor-element elementor-element-c290710 elementor-widget elementor-widget-image\" data-id=\"c290710\" data-element_type=\"widget\" data-e-type=\"widget\" data-widget_type=\"image.default\">\n\t\t\t\t<div class=\"elementor-widget-container\">\n\t\t\t\t\t\t\t\t\t\t\t\t<figure class=\"wp-caption\">\n\t\t\t\t\t\t\t\t\t\t\t<a href=\"https:\/\/efesushome.com\/tr\/3d-flip-book\/waterjet-katalog\/\">\n\t\t\t\t\t\t\t<img loading=\"lazy\" decoding=\"async\" width=\"800\" height=\"800\" src=\"https:\/\/efesushome.com\/wp-content\/uploads\/2026\/04\/waterjet-1-800x800.png\" class=\"elementor-animation-float attachment-large size-large wp-image-65302\" alt=\"- Efesus Home\" title=\"\">\t\t\t\t\t\t\t\t<\/a>\n\t\t\t\t\t\t\t\t\t\t\t<figcaption class=\"widget-image-caption wp-caption-text\">waterjet<\/figcaption>\n\t\t\t\t\t\t\t\t\t\t<\/figure>\n\t\t\t\t\t\t\t\t\t<\/div>\n\t\t\t\t<\/div>\n\t\t\t\t<div class=\"elementor-element elementor-element-e4035d7 elementor-widget elementor-widget-image\" data-id=\"e4035d7\" data-element_type=\"widget\" data-e-type=\"widget\" data-widget_type=\"image.default\">\n\t\t\t\t<div class=\"elementor-widget-container\">\n\t\t\t\t\t\t\t\t\t\t\t\t<figure class=\"wp-caption\">\n\t\t\t\t\t\t\t\t\t\t\t<a href=\"https:\/\/efesushome.com\/3d-flip-book\/somineler-k\/\">\n\t\t\t\t\t\t\t<img loading=\"lazy\" decoding=\"async\" width=\"800\" height=\"800\" src=\"https:\/\/efesushome.com\/wp-content\/uploads\/2026\/04\/somine-1-800x800.png\" class=\"elementor-animation-float attachment-large size-large wp-image-65757\" alt=\"- Efesus Home\" title=\"\">\t\t\t\t\t\t\t\t<\/a>\n\t\t\t\t\t\t\t\t\t\t\t<figcaption class=\"widget-image-caption wp-caption-text\">\u015f\u00f6mi\u0307neler<\/figcaption>\n\t\t\t\t\t\t\t\t\t\t<\/figure>\n\t\t\t\t\t\t\t\t\t<\/div>\n\t\t\t\t<\/div>\n\t\t\t\t<div class=\"elementor-element elementor-element-1a2e55f elementor-widget elementor-widget-image\" data-id=\"1a2e55f\" data-element_type=\"widget\" data-e-type=\"widget\" data-widget_type=\"image.default\">\n\t\t\t\t<div class=\"elementor-widget-container\">\n\t\t\t\t\t\t\t\t\t\t\t\t<figure class=\"wp-caption\">\n\t\t\t\t\t\t\t\t\t\t\t<a href=\"https:\/\/efesushome.com\/3d-flip-book\/cnc-projeler\/\">\n\t\t\t\t\t\t\t<img loading=\"lazy\" decoding=\"async\" width=\"800\" height=\"800\" src=\"https:\/\/efesushome.com\/wp-content\/uploads\/2026\/04\/cnc-1-800x800.png\" class=\"elementor-animation-float attachment-large size-large wp-image-65756\" alt=\"- Efesus Home\" title=\"\">\t\t\t\t\t\t\t\t<\/a>\n\t\t\t\t\t\t\t\t\t\t\t<figcaption class=\"widget-image-caption wp-caption-text\">cnc<\/figcaption>\n\t\t\t\t\t\t\t\t\t\t<\/figure>\n\t\t\t\t\t\t\t\t\t<\/div>\n\t\t\t\t<\/div>\n\t\t\t\t<div class=\"elementor-element elementor-element-1660eb7 elementor-widget elementor-widget-image\" data-id=\"1660eb7\" data-element_type=\"widget\" data-e-type=\"widget\" data-widget_type=\"image.default\">\n\t\t\t\t<div class=\"elementor-widget-container\">\n\t\t\t\t\t\t\t\t\t\t\t\t<figure class=\"wp-caption\">\n\t\t\t\t\t\t\t\t\t\t\t<a href=\"https:\/\/efesushome.com\/tr\/3d-flip-book\/hamam\/\">\n\t\t\t\t\t\t\t<img loading=\"lazy\" decoding=\"async\" width=\"800\" height=\"800\" src=\"https:\/\/efesushome.com\/wp-content\/uploads\/2026\/04\/hamam-1-800x800.png\" class=\"elementor-animation-float attachment-large size-large wp-image-65301\" alt=\"- Efesus Home\" title=\"\">\t\t\t\t\t\t\t\t<\/a>\n\t\t\t\t\t\t\t\t\t\t\t<figcaption class=\"widget-image-caption wp-caption-text\">hamam<\/figcaption>\n\t\t\t\t\t\t\t\t\t\t<\/figure>\n\t\t\t\t\t\t\t\t\t<\/div>\n\t\t\t\t<\/div>\n\t\t\t\t<div class=\"elementor-element elementor-element-4ad00d3 elementor-widget elementor-widget-image\" data-id=\"4ad00d3\" data-element_type=\"widget\" data-e-type=\"widget\" data-widget_type=\"image.default\">\n\t\t\t\t<div class=\"elementor-widget-container\">\n\t\t\t\t\t\t\t\t\t\t\t\t<figure class=\"wp-caption\">\n\t\t\t\t\t\t\t\t\t\t\t<a href=\"https:\/\/efesushome.com\/tr\/3d-flip-book\/dogal-tas-renk-koleksiyonu\/\">\n\t\t\t\t\t\t\t<img loading=\"lazy\" decoding=\"async\" width=\"800\" height=\"800\" src=\"https:\/\/efesushome.com\/wp-content\/uploads\/2026\/04\/natural-stone-1-800x800.jpg\" class=\"elementor-animation-float attachment-large size-large wp-image-65186\" alt=\"- Efesus Home\" title=\"\">\t\t\t\t\t\t\t\t<\/a>\n\t\t\t\t\t\t\t\t\t\t\t<figcaption class=\"widget-image-caption wp-caption-text\">do\u011fal ta\u015f renk koleksiyonu<\/figcaption>\n\t\t\t\t\t\t\t\t\t\t<\/figure>\n\t\t\t\t\t\t\t\t\t<\/div>\n\t\t\t\t<\/div>\n\t\t\t\t<div class=\"elementor-element elementor-element-5cd7192 elementor-widget elementor-widget-image\" data-id=\"5cd7192\" data-element_type=\"widget\" data-e-type=\"widget\" data-widget_type=\"image.default\">\n\t\t\t\t<div class=\"elementor-widget-container\">\n\t\t\t\t\t\t\t\t\t\t\t\t<figure class=\"wp-caption\">\n\t\t\t\t\t\t\t\t\t\t\t<a href=\"https:\/\/efesushome.com\/tr\/3d-flip-book\/dekoratif-urunler\/\">\n\t\t\t\t\t\t\t<img loading=\"lazy\" decoding=\"async\" width=\"800\" height=\"800\" src=\"https:\/\/efesushome.com\/wp-content\/uploads\/2026\/04\/dekoratif-1-800x800.jpg\" class=\"elementor-animation-float attachment-large size-large wp-image-65180\" alt=\"- Efesus Home\" title=\"\">\t\t\t\t\t\t\t\t<\/a>\n\t\t\t\t\t\t\t\t\t\t\t<figcaption class=\"widget-image-caption wp-caption-text\">dekoratif \u00fcr\u00fcnler<\/figcaption>\n\t\t\t\t\t\t\t\t\t\t<\/figure>\n\t\t\t\t\t\t\t\t\t<\/div>\n\t\t\t\t<\/div>\n\t\t\t\t\t<\/div>\n\t\t\t\t<\/div>\n\t\t<div class=\"elementor-element elementor-element-359d5e4 e-flex e-con-boxed e-con e-parent\" data-id=\"359d5e4\" data-element_type=\"container\" data-e-type=\"container\">\n\t\t\t\t\t<div class=\"e-con-inner\">\n\t\t\t\t\t<\/div>\n\t\t\t\t<\/div>\n\t\t<div class=\"elementor-element elementor-element-95064c0 e-flex e-con-boxed e-con e-parent\" data-id=\"95064c0\" data-element_type=\"container\" data-e-type=\"container\">\n\t\t\t\t\t<div class=\"e-con-inner\">\n\t\t\t\t\t<\/div>\n\t\t\t\t<\/div>\n\t\t\t\t<\/div>\n\t\t","protected":false},"excerpt":{"rendered":"<p>Do\u011fal Ta\u015f Sehpalar, Do\u011fal Ta\u015f Masalar, Dekoratif \u00dcr\u00fcnler, Do\u011fal Ta\u015f Renk Koleksiyonu, Octagon Koleksiyonu, Marmara Mermer, G\u00fcm\u00fc\u015f Traverten, Lavabo ve Bookmatch kataloglar\u0131m\u0131z\u0131 inceleyebilirsiniz. MOZA\u0130K REFERANSLAR MASA SEHPA DAMA &amp; OCTAGON MARMARA MERMER G\u00dcM\u00dc\u015e TRAVERTEN CALACATTA MERMER ELAZI\u011e V\u0130\u015eNE MERMER LAVABO BOOKMATCH \u0130STANBUL SHOWROOM KIRMIZI TRAVERTEN WATERJET \u015e\u00d6M\u0130NELER CNC HAMAM Do\u011fal Ta\u015f Renk Koleksiyonu Dekoratif \u00dcr\u00fcnler<\/p>\n","protected":false},"author":1,"featured_media":0,"parent":0,"menu_order":0,"comment_status":"closed","ping_status":"closed","template":"","meta":{"_joinchat":[],"footnotes":""},"class_list":["post-51595","page","type-page","status-publish","hentry"],"_links":{"self":[{"href":"https:\/\/efesushome.com\/tr\/wp-json\/wp\/v2\/pages\/51595","targetHints":{"allow":["GET"]}}],"collection":[{"href":"https:\/\/efesushome.com\/tr\/wp-json\/wp\/v2\/pages"}],"about":[{"href":"https:\/\/efesushome.com\/tr\/wp-json\/wp\/v2\/types\/page"}],"author":[{"embeddable":true,"href":"https:\/\/efesushome.com\/tr\/wp-json\/wp\/v2\/users\/1"}],"replies":[{"embeddable":true,"href":"https:\/\/efesushome.com\/tr\/wp-json\/wp\/v2\/comments?post=51595"}],"version-history":[{"count":171,"href":"https:\/\/efesushome.com\/tr\/wp-json\/wp\/v2\/pages\/51595\/revisions"}],"predecessor-version":[{"id":65761,"href":"https:\/\/efesushome.com\/tr\/wp-json\/wp\/v2\/pages\/51595\/revisions\/65761"}],"wp:attachment":[{"href":"https:\/\/efesushome.com\/tr\/wp-json\/wp\/v2\/media?parent=51595"}],"curies":[{"name":"wp","href":"https:\/\/api.w.org\/{rel}","templated":true}]}}