{"id":51221,"date":"2024-07-13T14:45:01","date_gmt":"2024-07-13T14:45:01","guid":{"rendered":"https:\/\/efesushome.com\/?post_type=product&#038;p=51221"},"modified":"2025-07-03T12:52:27","modified_gmt":"2025-07-03T12:52:27","slug":"kirmizi-traverten-3-lu-kolon-dresuar-sehpa","status":"publish","type":"product","link":"https:\/\/efesushome.com\/tr\/kirmizi-traverten-3-lu-kolon-dresuar-sehpa\/","title":{"rendered":"K\u0131rm\u0131z\u0131 Traverten 3&#8217;l\u00fc Kolon Dresuar Sehpa"},"content":{"rendered":"","protected":false},"excerpt":{"rendered":"<p><strong>Boyutlar:\u00a0<\/strong><\/p>\n<p>30x30x90 cm<\/p>\n<p>30x30x50 cm<\/p>\n<p>30x30x70 cm<\/p>\n","protected":false},"featured_media":51222,"comment_status":"closed","ping_status":"closed","template":"","meta":{"_joinchat":[]},"product_brand":[],"product_cat":[160,170],"product_tag":[],"class_list":{"0":"post-51221","1":"product","2":"type-product","3":"status-publish","4":"has-post-thumbnail","6":"product_cat-traverten-sehpa","7":"product_cat-kup-sehpa","10":"first","11":"instock","12":"shipping-taxable","13":"product-type-simple"},"_links":{"self":[{"href":"https:\/\/efesushome.com\/tr\/wp-json\/wp\/v2\/product\/51221","targetHints":{"allow":["GET"]}}],"collection":[{"href":"https:\/\/efesushome.com\/tr\/wp-json\/wp\/v2\/product"}],"about":[{"href":"https:\/\/efesushome.com\/tr\/wp-json\/wp\/v2\/types\/product"}],"replies":[{"embeddable":true,"href":"https:\/\/efesushome.com\/tr\/wp-json\/wp\/v2\/comments?post=51221"}],"wp:featuredmedia":[{"embeddable":true,"href":"https:\/\/efesushome.com\/tr\/wp-json\/wp\/v2\/media\/51222"}],"wp:attachment":[{"href":"https:\/\/efesushome.com\/tr\/wp-json\/wp\/v2\/media?parent=51221"}],"wp:term":[{"taxonomy":"product_brand","embeddable":true,"href":"https:\/\/efesushome.com\/tr\/wp-json\/wp\/v2\/product_brand?post=51221"},{"taxonomy":"product_cat","embeddable":true,"href":"https:\/\/efesushome.com\/tr\/wp-json\/wp\/v2\/product_cat?post=51221"},{"taxonomy":"product_tag","embeddable":true,"href":"https:\/\/efesushome.com\/tr\/wp-json\/wp\/v2\/product_tag?post=51221"}],"curies":[{"name":"wp","href":"https:\/\/api.w.org\/{rel}","templated":true}]}}