{"id":51251,"date":"2024-07-13T14:50:39","date_gmt":"2024-07-13T14:50:39","guid":{"rendered":"https:\/\/efesushome.com\/?post_type=product&#038;p=51251"},"modified":"2025-07-18T11:18:46","modified_gmt":"2025-07-18T11:18:46","slug":"kirmizi-traverten-klasik-traverten-vein-cut-2-li-yan-sehpa","status":"publish","type":"product","link":"https:\/\/efesushome.com\/tr\/kirmizi-traverten-klasik-traverten-vein-cut-2-li-yan-sehpa\/","title":{"rendered":"K\u0131rm\u0131z\u0131 Traverten + Klasik Traverten Vein Cut 2&#8217;li Yan Sehpa"},"content":{"rendered":"","protected":false},"excerpt":{"rendered":"<p><strong>Boyutlar:<\/strong><\/p>\n<p>\u00f845&#215;50 cm<\/p>\n<p>\u00f845&#215;50 cm<\/p>\n","protected":false},"featured_media":51252,"comment_status":"closed","ping_status":"closed","template":"","meta":{"_joinchat":[]},"product_brand":[],"product_cat":[160],"product_tag":[],"class_list":{"0":"post-51251","1":"product","2":"type-product","3":"status-publish","4":"has-post-thumbnail","6":"product_cat-traverten-sehpa","9":"first","10":"instock","11":"shipping-taxable","12":"product-type-simple"},"_links":{"self":[{"href":"https:\/\/efesushome.com\/tr\/wp-json\/wp\/v2\/product\/51251","targetHints":{"allow":["GET"]}}],"collection":[{"href":"https:\/\/efesushome.com\/tr\/wp-json\/wp\/v2\/product"}],"about":[{"href":"https:\/\/efesushome.com\/tr\/wp-json\/wp\/v2\/types\/product"}],"replies":[{"embeddable":true,"href":"https:\/\/efesushome.com\/tr\/wp-json\/wp\/v2\/comments?post=51251"}],"wp:featuredmedia":[{"embeddable":true,"href":"https:\/\/efesushome.com\/tr\/wp-json\/wp\/v2\/media\/51252"}],"wp:attachment":[{"href":"https:\/\/efesushome.com\/tr\/wp-json\/wp\/v2\/media?parent=51251"}],"wp:term":[{"taxonomy":"product_brand","embeddable":true,"href":"https:\/\/efesushome.com\/tr\/wp-json\/wp\/v2\/product_brand?post=51251"},{"taxonomy":"product_cat","embeddable":true,"href":"https:\/\/efesushome.com\/tr\/wp-json\/wp\/v2\/product_cat?post=51251"},{"taxonomy":"product_tag","embeddable":true,"href":"https:\/\/efesushome.com\/tr\/wp-json\/wp\/v2\/product_tag?post=51251"}],"curies":[{"name":"wp","href":"https:\/\/api.w.org\/{rel}","templated":true}]}}