{"id":51860,"date":"2024-07-27T08:25:26","date_gmt":"2024-07-27T08:25:26","guid":{"rendered":"https:\/\/efesushome.com\/?post_type=product&#038;p=51860"},"modified":"2025-12-13T10:45:46","modified_gmt":"2025-12-13T10:45:46","slug":"dogal-tas-kuvet-104","status":"publish","type":"product","link":"https:\/\/efesushome.com\/tr\/dogal-tas-kuvet-104\/","title":{"rendered":"Do\u011fal Ta\u015f K\u00fcvet 104"},"content":{"rendered":"","protected":false},"excerpt":{"rendered":"","protected":false},"featured_media":51861,"comment_status":"closed","ping_status":"closed","template":"","meta":{"_joinchat":[]},"product_brand":[],"product_cat":[460],"product_tag":[],"class_list":{"0":"post-51860","1":"product","2":"type-product","3":"status-publish","4":"has-post-thumbnail","6":"product_cat-kuvet","9":"first","10":"instock","11":"shipping-taxable","12":"product-type-simple"},"_links":{"self":[{"href":"https:\/\/efesushome.com\/tr\/wp-json\/wp\/v2\/product\/51860","targetHints":{"allow":["GET"]}}],"collection":[{"href":"https:\/\/efesushome.com\/tr\/wp-json\/wp\/v2\/product"}],"about":[{"href":"https:\/\/efesushome.com\/tr\/wp-json\/wp\/v2\/types\/product"}],"replies":[{"embeddable":true,"href":"https:\/\/efesushome.com\/tr\/wp-json\/wp\/v2\/comments?post=51860"}],"wp:featuredmedia":[{"embeddable":true,"href":"https:\/\/efesushome.com\/tr\/wp-json\/wp\/v2\/media\/51861"}],"wp:attachment":[{"href":"https:\/\/efesushome.com\/tr\/wp-json\/wp\/v2\/media?parent=51860"}],"wp:term":[{"taxonomy":"product_brand","embeddable":true,"href":"https:\/\/efesushome.com\/tr\/wp-json\/wp\/v2\/product_brand?post=51860"},{"taxonomy":"product_cat","embeddable":true,"href":"https:\/\/efesushome.com\/tr\/wp-json\/wp\/v2\/product_cat?post=51860"},{"taxonomy":"product_tag","embeddable":true,"href":"https:\/\/efesushome.com\/tr\/wp-json\/wp\/v2\/product_tag?post=51860"}],"curies":[{"name":"wp","href":"https:\/\/api.w.org\/{rel}","templated":true}]}}