{"id":51897,"date":"2024-07-27T12:55:49","date_gmt":"2024-07-27T12:55:49","guid":{"rendered":"https:\/\/efesushome.com\/?post_type=product&#038;p=51897"},"modified":"2025-12-13T10:23:43","modified_gmt":"2025-12-13T10:23:43","slug":"dogal-tas-somine-101","status":"publish","type":"product","link":"https:\/\/efesushome.com\/tr\/dogal-tas-somine-101\/","title":{"rendered":"Do\u011fal Ta\u015f \u015e\u00f6mine 101"},"content":{"rendered":"","protected":false},"excerpt":{"rendered":"","protected":false},"featured_media":51898,"comment_status":"closed","ping_status":"closed","template":"","meta":{"_joinchat":[]},"product_brand":[],"product_cat":[456],"product_tag":[],"class_list":{"0":"post-51897","1":"product","2":"type-product","3":"status-publish","4":"has-post-thumbnail","6":"product_cat-somine","9":"first","10":"instock","11":"shipping-taxable","12":"product-type-simple"},"_links":{"self":[{"href":"https:\/\/efesushome.com\/tr\/wp-json\/wp\/v2\/product\/51897","targetHints":{"allow":["GET"]}}],"collection":[{"href":"https:\/\/efesushome.com\/tr\/wp-json\/wp\/v2\/product"}],"about":[{"href":"https:\/\/efesushome.com\/tr\/wp-json\/wp\/v2\/types\/product"}],"replies":[{"embeddable":true,"href":"https:\/\/efesushome.com\/tr\/wp-json\/wp\/v2\/comments?post=51897"}],"wp:featuredmedia":[{"embeddable":true,"href":"https:\/\/efesushome.com\/tr\/wp-json\/wp\/v2\/media\/51898"}],"wp:attachment":[{"href":"https:\/\/efesushome.com\/tr\/wp-json\/wp\/v2\/media?parent=51897"}],"wp:term":[{"taxonomy":"product_brand","embeddable":true,"href":"https:\/\/efesushome.com\/tr\/wp-json\/wp\/v2\/product_brand?post=51897"},{"taxonomy":"product_cat","embeddable":true,"href":"https:\/\/efesushome.com\/tr\/wp-json\/wp\/v2\/product_cat?post=51897"},{"taxonomy":"product_tag","embeddable":true,"href":"https:\/\/efesushome.com\/tr\/wp-json\/wp\/v2\/product_tag?post=51897"}],"curies":[{"name":"wp","href":"https:\/\/api.w.org\/{rel}","templated":true}]}}