{"id":51962,"date":"2024-07-29T11:18:29","date_gmt":"2024-07-29T11:18:29","guid":{"rendered":"https:\/\/efesushome.com\/?post_type=product&#038;p=51962"},"modified":"2025-07-19T06:05:32","modified_gmt":"2025-07-19T06:05:32","slug":"ivory-traverten-cross-cut-ozel-tasarim-masa-susu","status":"publish","type":"product","link":"https:\/\/efesushome.com\/tr\/ivory-traverten-cross-cut-ozel-tasarim-masa-susu\/","title":{"rendered":"Ivory Traverten Cross Cut \u00d6zel Tasar\u0131m Masa S\u00fcs\u00fc"},"content":{"rendered":"","protected":false},"excerpt":{"rendered":"","protected":false},"featured_media":51990,"comment_status":"closed","ping_status":"closed","template":"","meta":{"_joinchat":[]},"product_brand":[],"product_cat":[179],"product_tag":[],"class_list":{"0":"post-51962","1":"product","2":"type-product","3":"status-publish","4":"has-post-thumbnail","6":"product_cat-aksesuar","9":"first","10":"instock","11":"shipping-taxable","12":"product-type-simple"},"_links":{"self":[{"href":"https:\/\/efesushome.com\/tr\/wp-json\/wp\/v2\/product\/51962","targetHints":{"allow":["GET"]}}],"collection":[{"href":"https:\/\/efesushome.com\/tr\/wp-json\/wp\/v2\/product"}],"about":[{"href":"https:\/\/efesushome.com\/tr\/wp-json\/wp\/v2\/types\/product"}],"replies":[{"embeddable":true,"href":"https:\/\/efesushome.com\/tr\/wp-json\/wp\/v2\/comments?post=51962"}],"wp:featuredmedia":[{"embeddable":true,"href":"https:\/\/efesushome.com\/tr\/wp-json\/wp\/v2\/media\/51990"}],"wp:attachment":[{"href":"https:\/\/efesushome.com\/tr\/wp-json\/wp\/v2\/media?parent=51962"}],"wp:term":[{"taxonomy":"product_brand","embeddable":true,"href":"https:\/\/efesushome.com\/tr\/wp-json\/wp\/v2\/product_brand?post=51962"},{"taxonomy":"product_cat","embeddable":true,"href":"https:\/\/efesushome.com\/tr\/wp-json\/wp\/v2\/product_cat?post=51962"},{"taxonomy":"product_tag","embeddable":true,"href":"https:\/\/efesushome.com\/tr\/wp-json\/wp\/v2\/product_tag?post=51962"}],"curies":[{"name":"wp","href":"https:\/\/api.w.org\/{rel}","templated":true}]}}