{"id":51970,"date":"2024-07-29T11:19:50","date_gmt":"2024-07-29T11:19:50","guid":{"rendered":"https:\/\/efesushome.com\/?post_type=product&#038;p=51970"},"modified":"2025-09-23T09:00:22","modified_gmt":"2025-09-23T09:00:22","slug":"calacatta-mermer-dikdortgen-sunum-tabagi","status":"publish","type":"product","link":"https:\/\/efesushome.com\/tr\/calacatta-mermer-dikdortgen-sunum-tabagi\/","title":{"rendered":"Calacatta Mermer Dikd\u00f6rtgen Sunum Taba\u011f\u0131"},"content":{"rendered":"","protected":false},"excerpt":{"rendered":"<p><strong>Boyutlar:<\/strong> 10x20x2 cm<\/p>\n","protected":false},"featured_media":51971,"comment_status":"closed","ping_status":"closed","template":"","meta":{"_joinchat":[]},"product_brand":[],"product_cat":[190],"product_tag":[],"class_list":{"0":"post-51970","1":"product","2":"type-product","3":"status-publish","4":"has-post-thumbnail","6":"product_cat-tabak","9":"first","10":"instock","11":"shipping-taxable","12":"product-type-simple"},"_links":{"self":[{"href":"https:\/\/efesushome.com\/tr\/wp-json\/wp\/v2\/product\/51970","targetHints":{"allow":["GET"]}}],"collection":[{"href":"https:\/\/efesushome.com\/tr\/wp-json\/wp\/v2\/product"}],"about":[{"href":"https:\/\/efesushome.com\/tr\/wp-json\/wp\/v2\/types\/product"}],"replies":[{"embeddable":true,"href":"https:\/\/efesushome.com\/tr\/wp-json\/wp\/v2\/comments?post=51970"}],"wp:featuredmedia":[{"embeddable":true,"href":"https:\/\/efesushome.com\/tr\/wp-json\/wp\/v2\/media\/51971"}],"wp:attachment":[{"href":"https:\/\/efesushome.com\/tr\/wp-json\/wp\/v2\/media?parent=51970"}],"wp:term":[{"taxonomy":"product_brand","embeddable":true,"href":"https:\/\/efesushome.com\/tr\/wp-json\/wp\/v2\/product_brand?post=51970"},{"taxonomy":"product_cat","embeddable":true,"href":"https:\/\/efesushome.com\/tr\/wp-json\/wp\/v2\/product_cat?post=51970"},{"taxonomy":"product_tag","embeddable":true,"href":"https:\/\/efesushome.com\/tr\/wp-json\/wp\/v2\/product_tag?post=51970"}],"curies":[{"name":"wp","href":"https:\/\/api.w.org\/{rel}","templated":true}]}}