{"id":52013,"date":"2024-07-29T14:10:35","date_gmt":"2024-07-29T14:10:35","guid":{"rendered":"https:\/\/efesushome.com\/?post_type=product&#038;p=52013"},"modified":"2025-12-13T10:20:52","modified_gmt":"2025-12-13T10:20:52","slug":"dogal-tas-saksi-111","status":"publish","type":"product","link":"https:\/\/efesushome.com\/tr\/dogal-tas-saksi-111\/","title":{"rendered":"Do\u011fal Ta\u015f Saks\u0131 111"},"content":{"rendered":"","protected":false},"excerpt":{"rendered":"","protected":false},"featured_media":52014,"comment_status":"closed","ping_status":"closed","template":"","meta":{"_joinchat":[]},"product_brand":[],"product_cat":[454],"product_tag":[],"class_list":{"0":"post-52013","1":"product","2":"type-product","3":"status-publish","4":"has-post-thumbnail","6":"product_cat-saksi","9":"first","10":"instock","11":"shipping-taxable","12":"product-type-simple"},"_links":{"self":[{"href":"https:\/\/efesushome.com\/tr\/wp-json\/wp\/v2\/product\/52013","targetHints":{"allow":["GET"]}}],"collection":[{"href":"https:\/\/efesushome.com\/tr\/wp-json\/wp\/v2\/product"}],"about":[{"href":"https:\/\/efesushome.com\/tr\/wp-json\/wp\/v2\/types\/product"}],"replies":[{"embeddable":true,"href":"https:\/\/efesushome.com\/tr\/wp-json\/wp\/v2\/comments?post=52013"}],"wp:featuredmedia":[{"embeddable":true,"href":"https:\/\/efesushome.com\/tr\/wp-json\/wp\/v2\/media\/52014"}],"wp:attachment":[{"href":"https:\/\/efesushome.com\/tr\/wp-json\/wp\/v2\/media?parent=52013"}],"wp:term":[{"taxonomy":"product_brand","embeddable":true,"href":"https:\/\/efesushome.com\/tr\/wp-json\/wp\/v2\/product_brand?post=52013"},{"taxonomy":"product_cat","embeddable":true,"href":"https:\/\/efesushome.com\/tr\/wp-json\/wp\/v2\/product_cat?post=52013"},{"taxonomy":"product_tag","embeddable":true,"href":"https:\/\/efesushome.com\/tr\/wp-json\/wp\/v2\/product_tag?post=52013"}],"curies":[{"name":"wp","href":"https:\/\/api.w.org\/{rel}","templated":true}]}}