{"id":52395,"date":"2024-08-03T11:13:38","date_gmt":"2024-08-03T11:13:38","guid":{"rendered":"https:\/\/efesushome.com\/?post_type=product&#038;p=52395"},"modified":"2025-08-06T12:42:13","modified_gmt":"2025-08-06T12:42:13","slug":"round-agathe-yari-degerli-dogal-tas-2","status":"publish","type":"product","link":"https:\/\/efesushome.com\/tr\/round-agathe-yari-degerli-dogal-tas-2\/","title":{"rendered":"Round Agathe Yar\u0131 De\u011ferli Do\u011fal Ta\u015f"},"content":{"rendered":"","protected":false},"excerpt":{"rendered":"","protected":false},"featured_media":52396,"comment_status":"closed","ping_status":"closed","template":"","meta":{"_joinchat":[]},"product_brand":[],"product_cat":[191],"product_tag":[],"class_list":{"0":"post-52395","1":"product","2":"type-product","3":"status-publish","4":"has-post-thumbnail","6":"product_cat-dogal-tas-renkler","9":"first","10":"instock","11":"shipping-taxable","12":"product-type-simple"},"_links":{"self":[{"href":"https:\/\/efesushome.com\/tr\/wp-json\/wp\/v2\/product\/52395","targetHints":{"allow":["GET"]}}],"collection":[{"href":"https:\/\/efesushome.com\/tr\/wp-json\/wp\/v2\/product"}],"about":[{"href":"https:\/\/efesushome.com\/tr\/wp-json\/wp\/v2\/types\/product"}],"replies":[{"embeddable":true,"href":"https:\/\/efesushome.com\/tr\/wp-json\/wp\/v2\/comments?post=52395"}],"wp:featuredmedia":[{"embeddable":true,"href":"https:\/\/efesushome.com\/tr\/wp-json\/wp\/v2\/media\/52396"}],"wp:attachment":[{"href":"https:\/\/efesushome.com\/tr\/wp-json\/wp\/v2\/media?parent=52395"}],"wp:term":[{"taxonomy":"product_brand","embeddable":true,"href":"https:\/\/efesushome.com\/tr\/wp-json\/wp\/v2\/product_brand?post=52395"},{"taxonomy":"product_cat","embeddable":true,"href":"https:\/\/efesushome.com\/tr\/wp-json\/wp\/v2\/product_cat?post=52395"},{"taxonomy":"product_tag","embeddable":true,"href":"https:\/\/efesushome.com\/tr\/wp-json\/wp\/v2\/product_tag?post=52395"}],"curies":[{"name":"wp","href":"https:\/\/api.w.org\/{rel}","templated":true}]}}