{"id":60026,"date":"2025-12-12T12:10:29","date_gmt":"2025-12-12T12:10:29","guid":{"rendered":"https:\/\/efesushome.com\/gumus-traverten-lamba\/"},"modified":"2025-12-12T12:10:29","modified_gmt":"2025-12-12T12:10:29","slug":"gumus-traverten-lamba","status":"publish","type":"product","link":"https:\/\/efesushome.com\/tr\/gumus-traverten-lamba\/","title":{"rendered":"G\u00fcm\u00fc\u015f Traverten Lamba"},"content":{"rendered":"","protected":false},"excerpt":{"rendered":"","protected":false},"featured_media":60021,"comment_status":"closed","ping_status":"closed","template":"","meta":{"_joinchat":[]},"product_brand":[],"product_cat":[452],"product_tag":[],"class_list":{"0":"post-60026","1":"product","2":"type-product","3":"status-publish","4":"has-post-thumbnail","6":"product_cat-lamba","9":"first","10":"instock","11":"shipping-taxable","12":"product-type-simple"},"_links":{"self":[{"href":"https:\/\/efesushome.com\/tr\/wp-json\/wp\/v2\/product\/60026","targetHints":{"allow":["GET"]}}],"collection":[{"href":"https:\/\/efesushome.com\/tr\/wp-json\/wp\/v2\/product"}],"about":[{"href":"https:\/\/efesushome.com\/tr\/wp-json\/wp\/v2\/types\/product"}],"replies":[{"embeddable":true,"href":"https:\/\/efesushome.com\/tr\/wp-json\/wp\/v2\/comments?post=60026"}],"wp:featuredmedia":[{"embeddable":true,"href":"https:\/\/efesushome.com\/tr\/wp-json\/wp\/v2\/media\/60021"}],"wp:attachment":[{"href":"https:\/\/efesushome.com\/tr\/wp-json\/wp\/v2\/media?parent=60026"}],"wp:term":[{"taxonomy":"product_brand","embeddable":true,"href":"https:\/\/efesushome.com\/tr\/wp-json\/wp\/v2\/product_brand?post=60026"},{"taxonomy":"product_cat","embeddable":true,"href":"https:\/\/efesushome.com\/tr\/wp-json\/wp\/v2\/product_cat?post=60026"},{"taxonomy":"product_tag","embeddable":true,"href":"https:\/\/efesushome.com\/tr\/wp-json\/wp\/v2\/product_tag?post=60026"}],"curies":[{"name":"wp","href":"https:\/\/api.w.org\/{rel}","templated":true}]}}