{"id":60958,"date":"2025-12-29T11:36:55","date_gmt":"2025-12-29T11:36:55","guid":{"rendered":"https:\/\/efesushome.com\/?post_type=product&#038;p=60958"},"modified":"2025-12-29T12:39:34","modified_gmt":"2025-12-29T12:39:34","slug":"dark-emperador-x-gumus-traverten-ozel-tasarim-yemek-masasi","status":"publish","type":"product","link":"https:\/\/efesushome.com\/tr\/dark-emperador-x-gumus-traverten-ozel-tasarim-yemek-masasi\/","title":{"rendered":"Dark Emperador x G\u00fcm\u00fc\u015f Traverten \u00d6zel Tasar\u0131m Yemek Masas\u0131"},"content":{"rendered":"","protected":false},"excerpt":{"rendered":"<p><strong>Boyutlar:<\/strong> 107x290x75 cm<\/p>\n","protected":false},"featured_media":60959,"comment_status":"closed","ping_status":"closed","template":"","meta":{"_joinchat":[]},"product_brand":[],"product_cat":[155,152,156],"product_tag":[517,518,511],"class_list":{"0":"post-60958","1":"product","2":"type-product","3":"status-publish","4":"has-post-thumbnail","6":"product_cat-mermer-masa","7":"product_cat-masalar","8":"product_cat-traverten-masa","9":"product_tag-dark-emperador","10":"product_tag-gumus-traverten","11":"product_tag-yemek-masasi","14":"first","15":"instock","16":"shipping-taxable","17":"product-type-simple"},"_links":{"self":[{"href":"https:\/\/efesushome.com\/tr\/wp-json\/wp\/v2\/product\/60958","targetHints":{"allow":["GET"]}}],"collection":[{"href":"https:\/\/efesushome.com\/tr\/wp-json\/wp\/v2\/product"}],"about":[{"href":"https:\/\/efesushome.com\/tr\/wp-json\/wp\/v2\/types\/product"}],"replies":[{"embeddable":true,"href":"https:\/\/efesushome.com\/tr\/wp-json\/wp\/v2\/comments?post=60958"}],"wp:featuredmedia":[{"embeddable":true,"href":"https:\/\/efesushome.com\/tr\/wp-json\/wp\/v2\/media\/60959"}],"wp:attachment":[{"href":"https:\/\/efesushome.com\/tr\/wp-json\/wp\/v2\/media?parent=60958"}],"wp:term":[{"taxonomy":"product_brand","embeddable":true,"href":"https:\/\/efesushome.com\/tr\/wp-json\/wp\/v2\/product_brand?post=60958"},{"taxonomy":"product_cat","embeddable":true,"href":"https:\/\/efesushome.com\/tr\/wp-json\/wp\/v2\/product_cat?post=60958"},{"taxonomy":"product_tag","embeddable":true,"href":"https:\/\/efesushome.com\/tr\/wp-json\/wp\/v2\/product_tag?post=60958"}],"curies":[{"name":"wp","href":"https:\/\/api.w.org\/{rel}","templated":true}]}}