{"id":61025,"date":"2025-12-30T12:40:28","date_gmt":"2025-12-30T12:40:28","guid":{"rendered":"https:\/\/efesushome.com\/?post_type=product&#038;p=61025"},"modified":"2026-01-26T13:19:30","modified_gmt":"2026-01-26T13:19:30","slug":"kirmizi-traverten-kolon-dresuar-kup-sehpa","status":"publish","type":"product","link":"https:\/\/efesushome.com\/tr\/kirmizi-traverten-kolon-dresuar-kup-sehpa\/","title":{"rendered":"K\u0131rm\u0131z\u0131 Traverten Kolon Dresuar K\u00fcp Sehpa"},"content":{"rendered":"","protected":false},"excerpt":{"rendered":"<p><strong>Boyutlar:<\/strong> 30x30x50 cm<\/p>\n","protected":false},"featured_media":61041,"comment_status":"closed","ping_status":"closed","template":"","meta":{"_joinchat":[]},"product_brand":[],"product_cat":[300,170,160],"product_tag":[],"class_list":{"0":"post-61025","1":"product","2":"type-product","3":"status-publish","4":"has-post-thumbnail","6":"product_cat-sehpalar","7":"product_cat-kup-sehpa","8":"product_cat-traverten-sehpa","11":"first","12":"instock","13":"shipping-taxable","14":"product-type-simple"},"_links":{"self":[{"href":"https:\/\/efesushome.com\/tr\/wp-json\/wp\/v2\/product\/61025","targetHints":{"allow":["GET"]}}],"collection":[{"href":"https:\/\/efesushome.com\/tr\/wp-json\/wp\/v2\/product"}],"about":[{"href":"https:\/\/efesushome.com\/tr\/wp-json\/wp\/v2\/types\/product"}],"replies":[{"embeddable":true,"href":"https:\/\/efesushome.com\/tr\/wp-json\/wp\/v2\/comments?post=61025"}],"wp:featuredmedia":[{"embeddable":true,"href":"https:\/\/efesushome.com\/tr\/wp-json\/wp\/v2\/media\/61041"}],"wp:attachment":[{"href":"https:\/\/efesushome.com\/tr\/wp-json\/wp\/v2\/media?parent=61025"}],"wp:term":[{"taxonomy":"product_brand","embeddable":true,"href":"https:\/\/efesushome.com\/tr\/wp-json\/wp\/v2\/product_brand?post=61025"},{"taxonomy":"product_cat","embeddable":true,"href":"https:\/\/efesushome.com\/tr\/wp-json\/wp\/v2\/product_cat?post=61025"},{"taxonomy":"product_tag","embeddable":true,"href":"https:\/\/efesushome.com\/tr\/wp-json\/wp\/v2\/product_tag?post=61025"}],"curies":[{"name":"wp","href":"https:\/\/api.w.org\/{rel}","templated":true}]}}