{"id":63528,"date":"2026-02-12T14:36:33","date_gmt":"2026-02-12T14:36:33","guid":{"rendered":"https:\/\/efesushome.com\/afyon-sugar-marble-fireplace\/"},"modified":"2026-02-12T14:42:00","modified_gmt":"2026-02-12T14:42:00","slug":"afyon-seker-mermer-somine","status":"publish","type":"product","link":"https:\/\/efesushome.com\/tr\/afyon-seker-mermer-somine\/","title":{"rendered":"Afyon \u015eeker Mermer \u015e\u00f6mine"},"content":{"rendered":"","protected":false},"excerpt":{"rendered":"<p><strong>Boyutlar:<\/strong> 80x110x25 cm<\/p>\n","protected":false},"featured_media":63505,"comment_status":"closed","ping_status":"closed","template":"","meta":{"_joinchat":[]},"product_brand":[],"product_cat":[456],"product_tag":[],"class_list":{"0":"post-63528","1":"product","2":"type-product","3":"status-publish","4":"has-post-thumbnail","6":"product_cat-somine","9":"first","10":"instock","11":"shipping-taxable","12":"product-type-simple"},"_links":{"self":[{"href":"https:\/\/efesushome.com\/tr\/wp-json\/wp\/v2\/product\/63528","targetHints":{"allow":["GET"]}}],"collection":[{"href":"https:\/\/efesushome.com\/tr\/wp-json\/wp\/v2\/product"}],"about":[{"href":"https:\/\/efesushome.com\/tr\/wp-json\/wp\/v2\/types\/product"}],"replies":[{"embeddable":true,"href":"https:\/\/efesushome.com\/tr\/wp-json\/wp\/v2\/comments?post=63528"}],"wp:featuredmedia":[{"embeddable":true,"href":"https:\/\/efesushome.com\/tr\/wp-json\/wp\/v2\/media\/63505"}],"wp:attachment":[{"href":"https:\/\/efesushome.com\/tr\/wp-json\/wp\/v2\/media?parent=63528"}],"wp:term":[{"taxonomy":"product_brand","embeddable":true,"href":"https:\/\/efesushome.com\/tr\/wp-json\/wp\/v2\/product_brand?post=63528"},{"taxonomy":"product_cat","embeddable":true,"href":"https:\/\/efesushome.com\/tr\/wp-json\/wp\/v2\/product_cat?post=63528"},{"taxonomy":"product_tag","embeddable":true,"href":"https:\/\/efesushome.com\/tr\/wp-json\/wp\/v2\/product_tag?post=63528"}],"curies":[{"name":"wp","href":"https:\/\/api.w.org\/{rel}","templated":true}]}}