{"id":63835,"date":"2026-02-25T08:42:13","date_gmt":"2026-02-25T08:42:13","guid":{"rendered":"https:\/\/efesushome.com\/silver-travertine-sphere-based-glass-coffee-table\/"},"modified":"2026-02-25T08:44:07","modified_gmt":"2026-02-25T08:44:07","slug":"gumus-traverten-kure-ayakli-cam-orta-sehpa","status":"publish","type":"product","link":"https:\/\/efesushome.com\/tr\/gumus-traverten-kure-ayakli-cam-orta-sehpa\/","title":{"rendered":"G\u00fcm\u00fc\u015f Traverten K\u00fcre Ayakl\u0131 Cam Orta Sehpa"},"content":{"rendered":"","protected":false},"excerpt":{"rendered":"<p><strong>Boyutlar:<\/strong> \u00f880x120x30 cm<\/p>\n","protected":false},"featured_media":63824,"comment_status":"closed","ping_status":"closed","template":"","meta":{"_joinchat":[]},"product_brand":[],"product_cat":[160],"product_tag":[],"class_list":{"0":"post-63835","1":"product","2":"type-product","3":"status-publish","4":"has-post-thumbnail","6":"product_cat-traverten-sehpa","9":"first","10":"instock","11":"shipping-taxable","12":"product-type-simple"},"_links":{"self":[{"href":"https:\/\/efesushome.com\/tr\/wp-json\/wp\/v2\/product\/63835","targetHints":{"allow":["GET"]}}],"collection":[{"href":"https:\/\/efesushome.com\/tr\/wp-json\/wp\/v2\/product"}],"about":[{"href":"https:\/\/efesushome.com\/tr\/wp-json\/wp\/v2\/types\/product"}],"replies":[{"embeddable":true,"href":"https:\/\/efesushome.com\/tr\/wp-json\/wp\/v2\/comments?post=63835"}],"wp:featuredmedia":[{"embeddable":true,"href":"https:\/\/efesushome.com\/tr\/wp-json\/wp\/v2\/media\/63824"}],"wp:attachment":[{"href":"https:\/\/efesushome.com\/tr\/wp-json\/wp\/v2\/media?parent=63835"}],"wp:term":[{"taxonomy":"product_brand","embeddable":true,"href":"https:\/\/efesushome.com\/tr\/wp-json\/wp\/v2\/product_brand?post=63835"},{"taxonomy":"product_cat","embeddable":true,"href":"https:\/\/efesushome.com\/tr\/wp-json\/wp\/v2\/product_cat?post=63835"},{"taxonomy":"product_tag","embeddable":true,"href":"https:\/\/efesushome.com\/tr\/wp-json\/wp\/v2\/product_tag?post=63835"}],"curies":[{"name":"wp","href":"https:\/\/api.w.org\/{rel}","templated":true}]}}