{"id":64641,"date":"2026-03-25T07:21:45","date_gmt":"2026-03-25T07:21:45","guid":{"rendered":"https:\/\/efesushome.com\/silver-travertine-vein-cut-sink\/"},"modified":"2026-03-25T07:23:41","modified_gmt":"2026-03-25T07:23:41","slug":"gumus-traverten-vein-cut-sink","status":"publish","type":"product","link":"https:\/\/efesushome.com\/tr\/gumus-traverten-vein-cut-sink\/","title":{"rendered":"G\u00fcm\u00fc\u015f Traverten Vein Cut Lavabo"},"content":{"rendered":"","protected":false},"excerpt":{"rendered":"","protected":false},"featured_media":64640,"comment_status":"closed","ping_status":"closed","template":"","meta":{"_joinchat":[]},"product_brand":[],"product_cat":[458],"product_tag":[],"class_list":{"0":"post-64641","1":"product","2":"type-product","3":"status-publish","4":"has-post-thumbnail","6":"product_cat-lavabo","9":"first","10":"instock","11":"shipping-taxable","12":"product-type-simple"},"_links":{"self":[{"href":"https:\/\/efesushome.com\/tr\/wp-json\/wp\/v2\/product\/64641","targetHints":{"allow":["GET"]}}],"collection":[{"href":"https:\/\/efesushome.com\/tr\/wp-json\/wp\/v2\/product"}],"about":[{"href":"https:\/\/efesushome.com\/tr\/wp-json\/wp\/v2\/types\/product"}],"replies":[{"embeddable":true,"href":"https:\/\/efesushome.com\/tr\/wp-json\/wp\/v2\/comments?post=64641"}],"wp:featuredmedia":[{"embeddable":true,"href":"https:\/\/efesushome.com\/tr\/wp-json\/wp\/v2\/media\/64640"}],"wp:attachment":[{"href":"https:\/\/efesushome.com\/tr\/wp-json\/wp\/v2\/media?parent=64641"}],"wp:term":[{"taxonomy":"product_brand","embeddable":true,"href":"https:\/\/efesushome.com\/tr\/wp-json\/wp\/v2\/product_brand?post=64641"},{"taxonomy":"product_cat","embeddable":true,"href":"https:\/\/efesushome.com\/tr\/wp-json\/wp\/v2\/product_cat?post=64641"},{"taxonomy":"product_tag","embeddable":true,"href":"https:\/\/efesushome.com\/tr\/wp-json\/wp\/v2\/product_tag?post=64641"}],"curies":[{"name":"wp","href":"https:\/\/api.w.org\/{rel}","templated":true}]}}