{"id":66559,"date":"2026-05-13T08:24:30","date_gmt":"2026-05-13T08:24:30","guid":{"rendered":"https:\/\/efesushome.com\/elazig-cherry-marble-fireplace-2\/"},"modified":"2026-05-13T08:25:38","modified_gmt":"2026-05-13T08:25:38","slug":"elazig-visne-mermer-somine-2","status":"publish","type":"product","link":"https:\/\/efesushome.com\/tr\/elazig-visne-mermer-somine-2\/","title":{"rendered":"Elaz\u0131\u011f Vi\u015fne Mermer \u015e\u00f6mine"},"content":{"rendered":"","protected":false},"excerpt":{"rendered":"","protected":false},"featured_media":66560,"comment_status":"closed","ping_status":"closed","template":"","meta":{"_joinchat":[]},"product_brand":[],"product_cat":[456],"product_tag":[],"class_list":{"0":"post-66559","1":"product","2":"type-product","3":"status-publish","4":"has-post-thumbnail","6":"product_cat-somine","9":"first","10":"instock","11":"shipping-taxable","12":"product-type-simple"},"_links":{"self":[{"href":"https:\/\/efesushome.com\/tr\/wp-json\/wp\/v2\/product\/66559","targetHints":{"allow":["GET"]}}],"collection":[{"href":"https:\/\/efesushome.com\/tr\/wp-json\/wp\/v2\/product"}],"about":[{"href":"https:\/\/efesushome.com\/tr\/wp-json\/wp\/v2\/types\/product"}],"replies":[{"embeddable":true,"href":"https:\/\/efesushome.com\/tr\/wp-json\/wp\/v2\/comments?post=66559"}],"wp:featuredmedia":[{"embeddable":true,"href":"https:\/\/efesushome.com\/tr\/wp-json\/wp\/v2\/media\/66560"}],"wp:attachment":[{"href":"https:\/\/efesushome.com\/tr\/wp-json\/wp\/v2\/media?parent=66559"}],"wp:term":[{"taxonomy":"product_brand","embeddable":true,"href":"https:\/\/efesushome.com\/tr\/wp-json\/wp\/v2\/product_brand?post=66559"},{"taxonomy":"product_cat","embeddable":true,"href":"https:\/\/efesushome.com\/tr\/wp-json\/wp\/v2\/product_cat?post=66559"},{"taxonomy":"product_tag","embeddable":true,"href":"https:\/\/efesushome.com\/tr\/wp-json\/wp\/v2\/product_tag?post=66559"}],"curies":[{"name":"wp","href":"https:\/\/api.w.org\/{rel}","templated":true}]}}